{"id":312042,"date":"2026-02-13T13:05:07","date_gmt":"2026-02-13T13:05:07","guid":{"rendered":"https:\/\/www.dlcuisine.com\/termeni\/"},"modified":"2026-02-14T12:24:25","modified_gmt":"2026-02-14T12:24:25","slug":"termeni","status":"publish","type":"page","link":"https:\/\/www.dlcuisine.com\/ro\/termeni\/","title":{"rendered":"Termeni"},"content":{"rendered":"<p>[et_pb_section fb_built=&#8221;1&#8243; custom_padding_last_edited=&#8221;on|phone&#8221; admin_label=&#8221;Hero&#8221; _builder_version=&#8221;4.27.5&#8243; _dynamic_attributes=&#8221;background_image&#8221; _module_preset=&#8221;default&#8221; background_enable_color=&#8221;off&#8221; use_background_color_gradient=&#8221;on&#8221; background_color_gradient_stops=&#8221;rgba(0,0,0,0.5) 0%|rgba(0,0,0,0.5) 100%&#8221; background_color_gradient_overlays_image=&#8221;on&#8221; background_image=&#8221;@ET-DC@eyJkeW5hbWljIjp0cnVlLCJjb250ZW50IjoicG9zdF9mZWF0dXJlZF9pbWFnZSIsInNldHRpbmdzIjp7ImVuYWJsZV9odG1sIjoib2ZmIn19@&#8221; background_enable_video_mp4=&#8221;off&#8221; custom_margin=&#8221;||||false|false&#8221; custom_padding=&#8221;205px||||false|false&#8221; custom_padding_tablet=&#8221;205px||||false|false&#8221; custom_padding_phone=&#8221;158px||||false|false&#8221; custom_css_main_element=&#8221;padding-top: calc(4% + 183px);&#8221; da_disable_devices=&#8221;off|off|off&#8221; locked=&#8221;off&#8221; collapsed=&#8221;off&#8221; global_colors_info=&#8221;{}&#8221; custom_css_main_element_last_edited=&#8221;on|phone&#8221; custom_css_main_element_tablet=&#8221;padding-top: calc(50px + 105px);&#8221; custom_css_main_element_phone=&#8221;padding-top: calc(50px + 88px);&#8221; da_is_popup=&#8221;off&#8221; da_exit_intent=&#8221;off&#8221; da_has_close=&#8221;on&#8221; da_alt_close=&#8221;off&#8221; da_dark_close=&#8221;off&#8221; da_not_modal=&#8221;on&#8221; da_is_singular=&#8221;off&#8221; da_with_loader=&#8221;off&#8221; da_has_shadow=&#8221;on&#8221;][et_pb_row make_equal=&#8221;on&#8221; admin_label=&#8221;Con\u021binut&#8221; module_class=&#8221;scroll-down-button&#8221; _builder_version=&#8221;4.21.0&#8243; _module_preset=&#8221;default&#8221; custom_margin=&#8221;|auto|76px|auto||&#8221; custom_css_main_element=&#8221;display: flex;||align-items: flex-start;&#8221; global_colors_info=&#8221;{}&#8221;][et_pb_column type=&#8221;4_4&#8243; _builder_version=&#8221;4.21.0&#8243; _module_preset=&#8221;default&#8221; global_colors_info=&#8221;{}&#8221;][et_pb_post_title meta=&#8221;off&#8221; featured_image=&#8221;off&#8221; disabled_on=&#8221;on|on|on&#8221; _builder_version=&#8221;4.27.5&#8243; _module_preset=&#8221;default&#8221; title_text_color=&#8221;#FFFFFF&#8221; text_orientation=&#8221;center&#8221; disabled=&#8221;on&#8221; global_colors_info=&#8221;{}&#8221;][\/et_pb_post_title][et_pb_text _builder_version=&#8221;4.27.5&#8243; _module_preset=&#8221;default&#8221; text_orientation=&#8221;center&#8221; background_layout=&#8221;dark&#8221; global_colors_info=&#8221;{}&#8221;]<\/p>\n<h1>Termeni \u0219i Condi\u021bii<\/h1>\n<p>[\/et_pb_text][\/et_pb_column][\/et_pb_row][\/et_pb_section][et_pb_section fb_built=&#8221;1&#8243; admin_label=&#8221;Section&#8221; module_class=&#8221;large-top medium-bottom&#8221; _builder_version=&#8221;4.27.5&#8243; _module_preset=&#8221;default&#8221; da_disable_devices=&#8221;off|off|off&#8221; global_colors_info=&#8221;{}&#8221; da_is_popup=&#8221;off&#8221; da_exit_intent=&#8221;off&#8221; da_has_close=&#8221;on&#8221; da_alt_close=&#8221;off&#8221; da_dark_close=&#8221;off&#8221; da_not_modal=&#8221;on&#8221; da_is_singular=&#8221;off&#8221; da_with_loader=&#8221;off&#8221; da_has_shadow=&#8221;on&#8221;][et_pb_row disabled_on=&#8221;off|off|off&#8221; _builder_version=&#8221;4.27.2&#8243; _module_preset=&#8221;default&#8221; global_colors_info=&#8221;{}&#8221;][et_pb_column type=&#8221;4_4&#8243; _builder_version=&#8221;4.27.2&#8243; _module_preset=&#8221;default&#8221; global_colors_info=&#8221;{}&#8221;][et_pb_text _builder_version=&#8221;4.27.5&#8243; _module_preset=&#8221;default&#8221; global_colors_info=&#8221;{}&#8221;]<\/p>\n<p>Utilizarea produselor \u0219i serviciilor oferite de www.dlcuisine.com se aplic\u0103 fiec\u0103rui utilizator individual \u0219i implic\u0103 acceptarea deplin\u0103 a acestuia \u0219i acordul dumneavoastr\u0103 cu termenii \u0219i condi\u021biile de mai jos.<\/p>\n<p>Accesul \u0219i utilizarea site-ului web www.dlcuisine.com este gratuit\u0103 \u0219i \u00ee\u0219i propune s\u0103 ajute utilizatorii s\u0103 g\u0103seasc\u0103 informa\u021biile necesare \u00een cel mai simplu \u0219i rapid mod posibil, conform cerin\u021belor fiec\u0103ruia.<\/p>\n<p>Informa\u021bii despre site<\/p>\n<p>Site-ul www.dlcuisine.com este proprietatea MINON Investment SRL, identificata prin J23\/5916\/2022 si CUI RO9864469, cu sediul in Voluntari, IF, Sos. Bucuresti Nord nr. 10 , Global City Business Park \u2013 O2 , cod po\u0219tal 077190 , la care se face referire \u00een ace\u0219ti Termeni \u0219i Condi\u021bii. <\/p>\n<p>Detalii de contact :<br \/>telefon: +40740305159<br \/>e-mail : office@dlcuisine.com<br \/>site: www.dlcuisine.com <\/p>\n<p>[\/et_pb_text][dsm_button button_one_text=&#8221;Termeni \u0219i Condi\u021bii&#8221; button_one_url_type=&#8221;download&#8221; button_one_download_file=&#8221;https:\/\/www.dlcuisine.com\/wp-content\/uploads\/MINON-Investment-SRL-TERMENI-SI-CONDITII.pdf&#8221; _builder_version=&#8221;4.27.5&#8243; _module_preset=&#8221;default&#8221; custom_button_one=&#8221;on&#8221; button_one_text_size=&#8221;16px&#8221; button_one_text_color=&#8221;#F7F4EE&#8221; button_one_bg_color=&#8221;#2E2E2E&#8221; button_one_border_width=&#8221;0px&#8221; button_one_border_radius=&#8221;90px&#8221; button_one_icon=&#8221;&#xf1c1;||fa||400&#8243; button_one_icon_color=&#8221;#F7F4EE&#8221; button_one_icon_placement=&#8221;left&#8221; button_one_on_hover=&#8221;off&#8221; button_one_custom_padding=&#8221;8px|24px|8px|44px|false|false&#8221; hover_enabled=&#8221;0&#8243; global_colors_info=&#8221;{}&#8221; button_one_bg_color__hover_enabled=&#8221;on|desktop&#8221; button_one_bg_color__hover=&#8221;#000000&#8243; button_one_bg_enable_color__hover=&#8221;on&#8221; title_text=&#8221;MINON Investment SRL TERMENI \u0218I CONDI\u021aII&#8221; sticky_enabled=&#8221;0&#8243;][\/dsm_button][\/et_pb_column][\/et_pb_row][\/et_pb_section]<\/p>\n","protected":false},"excerpt":{"rendered":"<p>Termeni \u0219i Condi\u021biiUtilizarea produselor \u0219i serviciilor oferite de www.dlcuisine.com se aplic\u0103 fiec\u0103rui utilizator individual \u0219i implic\u0103 acceptarea deplin\u0103 a acestuia \u0219i acordul dumneavoastr\u0103 cu termenii \u0219i condi\u021biile de mai jos. Accesul \u0219i utilizarea site-ului web www.dlcuisine.com este gratuit\u0103 \u0219i \u00ee\u0219i propune s\u0103 ajute utilizatorii s\u0103 g\u0103seasc\u0103 informa\u021biile necesare \u00een cel mai simplu \u0219i rapid mod posibil, conform cerin\u021belor fiec\u0103ruia. Informa\u021bii despre site Site-ul www.dlcuisine.com este proprietatea MINON Investment SRL, identificata prin J23\/5916\/2022 si CUI RO9864469, cu sediul in Voluntari, IF, Sos. Bucuresti Nord nr. 10 , Global City Business Park \u2013 O2 , cod po\u0219tal 077190 , la care se face referire \u00een ace\u0219ti Termeni \u0219i Condi\u021bii. Detalii de contact :telefon: +40740305159e-mail : office@dlcuisine.comsite: www.dlcuisine.com <div class=\"et_pb_module dsm_button dsm_button_0 et_pb_bg_layout_light\">\n\t\t\t\t\n\t\t\t\t\n\t\t\t\t\n\t\t\t\t\n\t\t\t\t\n\t\t\t\t\n\t\t\t\t<div class=\"et_pb_module_inner\">\n\t\t\t\t\t<div class=\"et_pb_button_module_wrappers dsm_button_0_wrapper  et_pb_module\">\n\t\t\t\t<a class=\"et_pb_button et_pb_button_one et_pb_custom_button_icon et_pb_bg_layout_light dsm-none \"  href=https:\/\/www.dlcuisine.com\/wp-content\/uploads\/MINON-Investment-SRL-TERMENI-SI-CONDITII.pdf data-icon=\"&#xf1c1;\" data-dsm-lightbox-id=\"dsm_button_one_lightbox dsm_button_0\" download><span>Termeni \u0219i Condi\u021bii<\/span><\/a>\n\t\t\t<\/div>\n\t\t\t\t<\/div>\n\t\t\t<\/div><\/p>\n","protected":false},"author":1,"featured_media":311778,"parent":0,"menu_order":0,"comment_status":"closed","ping_status":"closed","template":"","meta":{"_et_pb_use_builder":"on","_et_pb_old_content":"","_et_gb_content_width":"","footnotes":""},"class_list":["post-312042","page","type-page","status-publish","has-post-thumbnail","hentry"],"_links":{"self":[{"href":"https:\/\/www.dlcuisine.com\/ro\/wp-json\/wp\/v2\/pages\/312042","targetHints":{"allow":["GET"]}}],"collection":[{"href":"https:\/\/www.dlcuisine.com\/ro\/wp-json\/wp\/v2\/pages"}],"about":[{"href":"https:\/\/www.dlcuisine.com\/ro\/wp-json\/wp\/v2\/types\/page"}],"author":[{"embeddable":true,"href":"https:\/\/www.dlcuisine.com\/ro\/wp-json\/wp\/v2\/users\/1"}],"replies":[{"embeddable":true,"href":"https:\/\/www.dlcuisine.com\/ro\/wp-json\/wp\/v2\/comments?post=312042"}],"version-history":[{"count":0,"href":"https:\/\/www.dlcuisine.com\/ro\/wp-json\/wp\/v2\/pages\/312042\/revisions"}],"wp:featuredmedia":[{"embeddable":true,"href":"https:\/\/www.dlcuisine.com\/ro\/wp-json\/wp\/v2\/media\/311778"}],"wp:attachment":[{"href":"https:\/\/www.dlcuisine.com\/ro\/wp-json\/wp\/v2\/media?parent=312042"}],"curies":[{"name":"wp","href":"https:\/\/api.w.org\/{rel}","templated":true}]}}