{"id":312579,"date":"2025-10-30T17:14:35","date_gmt":"2025-10-30T17:14:35","guid":{"rendered":"https:\/\/www.dlcuisine.com\/despre\/"},"modified":"2026-02-22T20:58:59","modified_gmt":"2026-02-22T20:58:59","slug":"despre","status":"publish","type":"page","link":"https:\/\/www.dlcuisine.com\/ro\/despre\/","title":{"rendered":"despre"},"content":{"rendered":"<p>[et_pb_section fb_built=&#8221;1&#8243; custom_padding_last_edited=&#8221;on|phone&#8221; admin_label=&#8221;Hero&#8221; _builder_version=&#8221;4.27.5&#8243; _dynamic_attributes=&#8221;background_image&#8221; _module_preset=&#8221;default&#8221; background_enable_color=&#8221;off&#8221; use_background_color_gradient=&#8221;on&#8221; background_color_gradient_stops=&#8221;rgba(0,0,0,0.5) 0%|rgba(0,0,0,0.5) 100%&#8221; background_color_gradient_overlays_image=&#8221;on&#8221; background_image=&#8221;@ET-DC@eyJkeW5hbWljIjp0cnVlLCJjb250ZW50IjoicG9zdF9mZWF0dXJlZF9pbWFnZSIsInNldHRpbmdzIjp7ImVuYWJsZV9odG1sIjoib2ZmIn19@&#8221; background_enable_video_mp4=&#8221;off&#8221; custom_margin=&#8221;||||false|false&#8221; custom_padding=&#8221;205px||||false|false&#8221; custom_padding_tablet=&#8221;205px||||false|false&#8221; custom_padding_phone=&#8221;158px||||false|false&#8221; custom_css_main_element=&#8221;padding-top: calc(4% + 183px);&#8221; da_disable_devices=&#8221;off|off|off&#8221; locked=&#8221;off&#8221; collapsed=&#8221;off&#8221; global_colors_info=&#8221;{}&#8221; custom_css_main_element_last_edited=&#8221;on|phone&#8221; custom_css_main_element_tablet=&#8221;padding-top: calc(50px + 105px);&#8221; custom_css_main_element_phone=&#8221;padding-top: calc(50px + 88px);&#8221; da_is_popup=&#8221;off&#8221; da_exit_intent=&#8221;off&#8221; da_has_close=&#8221;on&#8221; da_alt_close=&#8221;off&#8221; da_dark_close=&#8221;off&#8221; da_not_modal=&#8221;on&#8221; da_is_singular=&#8221;off&#8221; da_with_loader=&#8221;off&#8221; da_has_shadow=&#8221;on&#8221;][et_pb_row make_equal=&#8221;on&#8221; admin_label=&#8221;Con\u021binut&#8221; module_class=&#8221;scroll-down-button&#8221; _builder_version=&#8221;4.21.0&#8243; _module_preset=&#8221;default&#8221; custom_margin=&#8221;|auto|76px|auto||&#8221; custom_css_main_element=&#8221;display: flex;||align-items: flex-start;&#8221; global_colors_info=&#8221;{}&#8221;][et_pb_column type=&#8221;4_4&#8243; _builder_version=&#8221;4.21.0&#8243; _module_preset=&#8221;default&#8221; global_colors_info=&#8221;{}&#8221;][et_pb_text _builder_version=&#8221;4.27.5&#8243; _module_preset=&#8221;default&#8221; text_orientation=&#8221;center&#8221; background_layout=&#8221;dark&#8221; global_colors_info=&#8221;{}&#8221;]<\/p>\n<h1>Despre D&amp;L Cuisine<\/h1>\n<p>[\/et_pb_text][\/et_pb_column][\/et_pb_row][\/et_pb_section][et_pb_section fb_built=&#8221;1&#8243; admin_label=&#8221;This is Us &#8211; large-top large-bottom&#8221; module_class=&#8221;large-top large-bottom&#8221; _builder_version=&#8221;4.27.5&#8243; _module_preset=&#8221;default&#8221; da_disable_devices=&#8221;off|off|off&#8221; collapsed=&#8221;off&#8221; global_colors_info=&#8221;{}&#8221; da_is_popup=&#8221;off&#8221; da_exit_intent=&#8221;off&#8221; da_has_close=&#8221;on&#8221; da_alt_close=&#8221;off&#8221; da_dark_close=&#8221;off&#8221; da_not_modal=&#8221;on&#8221; da_is_singular=&#8221;off&#8221; da_with_loader=&#8221;off&#8221; da_has_shadow=&#8221;on&#8221;][et_pb_row _builder_version=&#8221;4.27.5&#8243; _module_preset=&#8221;default&#8221; global_colors_info=&#8221;{}&#8221;][et_pb_column type=&#8221;4_4&#8243; _builder_version=&#8221;4.27.4&#8243; _module_preset=&#8221;default&#8221; global_colors_info=&#8221;{}&#8221;][et_pb_text admin_label=&#8221;A decade of tasty moments.&#8221; _builder_version=&#8221;4.27.5&#8243; _module_preset=&#8221;default&#8221; text_orientation=&#8221;center&#8221; global_colors_info=&#8221;{}&#8221;]<\/p>\n<h2>Un deceniu de momente pline de gust.<\/h2>\n<p>[\/et_pb_text][et_pb_text admin_label=&#8221;It all began in March 2016,&#8221; _builder_version=&#8221;4.27.5&#8243; _module_preset=&#8221;default&#8221; text_orientation=&#8221;center&#8221; max_width=&#8221;576px&#8221; module_alignment=&#8221;center&#8221; global_colors_info=&#8221;{}&#8221;]<\/p>\n<p>Totul a \u00eenceput \u00een martie 2016, cu o idee simpl\u0103, dar puternic\u0103: m\u00e2ncarea bun\u0103 aduce oamenii \u00eempreun\u0103.<\/p>\n<p>Ceea ce a \u00eenceput ca o singur\u0103 cantin\u0103 a crescut \u00eentr-o familie de servicii complementare \u2014 toate bazate pe acelea\u0219i principii de prospe\u021bime, calitate \u0219i comunitate.<\/p>\n<p>[\/et_pb_text][\/et_pb_column][\/et_pb_row][\/et_pb_section][et_pb_section fb_built=&#8221;1&#8243; admin_label=&#8221;Section&#8221; _builder_version=&#8221;4.27.5&#8243; _module_preset=&#8221;default&#8221; background_image=&#8221;https:\/\/www.dlcuisine.com\/wp-content\/uploads\/56-DL-Cuisine-Interior-Web2.webp&#8221; parallax=&#8221;on&#8221; da_disable_devices=&#8221;off|off|off&#8221; global_colors_info=&#8221;{}&#8221; da_is_popup=&#8221;off&#8221; da_exit_intent=&#8221;off&#8221; da_has_close=&#8221;on&#8221; da_alt_close=&#8221;off&#8221; da_dark_close=&#8221;off&#8221; da_not_modal=&#8221;on&#8221; da_is_singular=&#8221;off&#8221; da_with_loader=&#8221;off&#8221; da_has_shadow=&#8221;on&#8221;][et_pb_row _builder_version=&#8221;4.27.5&#8243; _module_preset=&#8221;default&#8221; min_height=&#8221;75vh&#8221; custom_css_main_element=&#8221;display:flex;||align-items: center;&#8221; global_colors_info=&#8221;{}&#8221;][et_pb_column type=&#8221;4_4&#8243; _builder_version=&#8221;4.27.5&#8243; _module_preset=&#8221;default&#8221; global_colors_info=&#8221;{}&#8221;][et_pb_text admin_label=&#8221;hat started as a single cafeteria&#8221; _builder_version=&#8221;4.27.5&#8243; _module_preset=&#8221;default&#8221; background_color=&#8221;rgba(247,244,238,0.74)&#8221; text_orientation=&#8221;center&#8221; max_width=&#8221;600px&#8221; module_alignment=&#8221;center&#8221; custom_padding=&#8221;70px|70px|70px|70px|true|true&#8221; custom_padding_tablet=&#8221;40px|40px|40px|40px|true|true&#8221; custom_padding_phone=&#8221;20px|20px|20px|20px|true|true&#8221; custom_padding_last_edited=&#8221;on|phone&#8221; custom_css_main_element=&#8221;backdrop-filter: blur(4px);&#8221; border_radii=&#8221;on|5px|5px|5px|5px&#8221; box_shadow_style=&#8221;preset1&#8243; global_colors_info=&#8221;{}&#8221;]<\/p>\n<p>Ceea ce a \u00eenceput ca o singur\u0103 cantin\u0103 a crescut \u00eentr-o familie de servicii complementare \u2014 toate bazate pe acelea\u0219i principii de prospe\u021bime, calitate \u0219i comunitate.<\/p>\n<p>[\/et_pb_text][\/et_pb_column][\/et_pb_row][\/et_pb_section][et_pb_section fb_built=&#8221;1&#8243; admin_label=&#8221;large-top large-bottom&#8221; module_class=&#8221;large-top large-bottom&#8221; _builder_version=&#8221;4.27.5&#8243; _module_preset=&#8221;default&#8221; da_disable_devices=&#8221;off|off|off&#8221; global_colors_info=&#8221;{}&#8221; da_is_popup=&#8221;off&#8221; da_exit_intent=&#8221;off&#8221; da_has_close=&#8221;on&#8221; da_alt_close=&#8221;off&#8221; da_dark_close=&#8221;off&#8221; da_not_modal=&#8221;on&#8221; da_is_singular=&#8221;off&#8221; da_with_loader=&#8221;off&#8221; da_has_shadow=&#8221;on&#8221;][et_pb_row disabled_on=&#8221;off|off|off&#8221; _builder_version=&#8221;4.27.5&#8243; _module_preset=&#8221;default&#8221; custom_margin=&#8221;||||false|false&#8221; global_colors_info=&#8221;{}&#8221;][et_pb_column type=&#8221;4_4&#8243; _builder_version=&#8221;4.27.4&#8243; _module_preset=&#8221;default&#8221; global_colors_info=&#8221;{}&#8221;][et_pb_text admin_label=&#8221;Our values&#8221; _builder_version=&#8221;4.27.5&#8243; _module_preset=&#8221;default&#8221; text_orientation=&#8221;center&#8221; max_width=&#8221;775px&#8221; module_alignment=&#8221;center&#8221; global_colors_info=&#8221;{}&#8221;]<\/p>\n<h2>Valorile noastre<\/h2>\n<p>[\/et_pb_text][et_pb_text admin_label=&#8221;Over the past ten years,&#8221; _builder_version=&#8221;4.27.5&#8243; _module_preset=&#8221;default&#8221; text_orientation=&#8221;center&#8221; max_width=&#8221;600px&#8221; module_alignment=&#8221;center&#8221; custom_margin=&#8221;||58px|||&#8221; global_colors_info=&#8221;{}&#8221;]<\/p>\n<p>\u00cen ultimii zece ani, am r\u0103mas fideli misiunii noastre: s\u0103 transform\u0103m mesele de zi cu zi \u00een experien\u021be speciale, s\u0103 ne servim clien\u021bii cu c\u0103ldur\u0103 \u0219i s\u0103 construim rela\u021bii bazate pe \u00eencredere \u0219i gust.<\/p>\n<p>[\/et_pb_text][dsm_icon_list list_layout=&#8221;horizontal&#8221; list_alignment=&#8221;center&#8221; disabled_on=&#8221;on|on|off&#8221; admin_label=&#8221;list &#8211; desktop&#8221; module_class=&#8221;starz&#8221; _builder_version=&#8221;4.27.5&#8243; _module_preset=&#8221;default&#8221; global_colors_info=&#8221;{}&#8221;][dsm_icon_list_child text=&#8221;Pasiune pentru m\u00e2ncare&#8221; use_icon=&#8221;off&#8221; _builder_version=&#8221;4.27.5&#8243; _module_preset=&#8221;default&#8221; global_colors_info=&#8221;{}&#8221;][\/dsm_icon_list_child][dsm_icon_list_child text=&#8221;Gust \u0219i varietate&#8221; font_icon=&#8221;&#xe033;||divi||400&#8243; icon_color=&#8221;#92D050&#8243; icon_padding=&#8221;15px&#8221; icon_font_size=&#8221;16px&#8221; _builder_version=&#8221;4.27.5&#8243; _module_preset=&#8221;default&#8221; global_colors_info=&#8221;{}&#8221;][\/dsm_icon_list_child][dsm_icon_list_child text=&#8221;Un mediu primitor&#8221; font_icon=&#8221;&#xe033;||divi||400&#8243; icon_color=&#8221;#EA7816&#8243; icon_padding=&#8221;15px&#8221; icon_font_size=&#8221;16px&#8221; _builder_version=&#8221;4.27.5&#8243; _module_preset=&#8221;default&#8221; global_colors_info=&#8221;{}&#8221;][\/dsm_icon_list_child][dsm_icon_list_child text=&#8221;M\u00e2ncare proasp\u0103t\u0103, zilnic &#8221; font_icon=&#8221;&#xe033;||divi||400&#8243; icon_color=&#8221;#02adee&#8221; icon_padding=&#8221;15px&#8221; icon_font_size=&#8221;16px&#8221; _builder_version=&#8221;4.27.5&#8243; _module_preset=&#8221;default&#8221; global_colors_info=&#8221;{}&#8221;][\/dsm_icon_list_child][\/dsm_icon_list][dsm_icon_list disabled_on=&#8221;off|off|on&#8221; admin_label=&#8221;list &#8211; mobile&#8221; module_class=&#8221;starz-mobile&#8221; _builder_version=&#8221;4.27.5&#8243; _module_preset=&#8221;default&#8221; global_colors_info=&#8221;{}&#8221;][dsm_icon_list_child text=&#8221;Pasiune pentru m\u00e2ncare proasp\u0103t\u0103, \u00een fiecare zi&#8221; font_icon=&#8221;&#xe033;||divi||400&#8243; icon_color=&#8221;#92D050&#8243; icon_padding=&#8221;15px&#8221; icon_font_size=&#8221;16px&#8221; _builder_version=&#8221;4.27.5&#8243; _module_preset=&#8221;default&#8221; global_colors_info=&#8221;{}&#8221;][\/dsm_icon_list_child][dsm_icon_list_child text=&#8221;Un mediu primitor&#8221; font_icon=&#8221;&#xe033;||divi||400&#8243; icon_color=&#8221;#EA7816&#8243; icon_padding=&#8221;15px&#8221; icon_font_size=&#8221;16px&#8221; _builder_version=&#8221;4.27.5&#8243; _module_preset=&#8221;default&#8221; global_colors_info=&#8221;{}&#8221;][\/dsm_icon_list_child][dsm_icon_list_child text=&#8221;Gust \u0219i varietate&#8221; font_icon=&#8221;&#xe033;||divi||400&#8243; icon_color=&#8221;#02adee&#8221; icon_padding=&#8221;15px&#8221; icon_font_size=&#8221;16px&#8221; _builder_version=&#8221;4.27.5&#8243; _module_preset=&#8221;default&#8221; global_colors_info=&#8221;{}&#8221;][\/dsm_icon_list_child][\/dsm_icon_list][et_pb_video src=&#8221;https:\/\/www.youtube.com\/watch?v=Z3jwl7p2Ph0&#038;t=1s&#8221; disabled_on=&#8221;off|off|off&#8221; _builder_version=&#8221;4.27.5&#8243; _module_preset=&#8221;default&#8221; max_width=&#8221;600px&#8221; module_alignment=&#8221;center&#8221; custom_margin=&#8221;70px||||false|false&#8221; border_radii=&#8221;on|5px|5px|5px|5px&#8221; box_shadow_style=&#8221;preset1&#8243; global_colors_info=&#8221;{}&#8221;][\/et_pb_video][\/et_pb_column][\/et_pb_row][\/et_pb_section][et_pb_section fb_built=&#8221;1&#8243; admin_label=&#8221;Section&#8221; _builder_version=&#8221;4.27.5&#8243; _module_preset=&#8221;default&#8221; background_image=&#8221;https:\/\/www.dlcuisine.com\/wp-content\/uploads\/60-DL-Cuisine-Interior-Web3.webp&#8221; parallax=&#8221;on&#8221; da_disable_devices=&#8221;off|off|off&#8221; global_colors_info=&#8221;{}&#8221; da_is_popup=&#8221;off&#8221; da_exit_intent=&#8221;off&#8221; da_has_close=&#8221;on&#8221; da_alt_close=&#8221;off&#8221; da_dark_close=&#8221;off&#8221; da_not_modal=&#8221;on&#8221; da_is_singular=&#8221;off&#8221; da_with_loader=&#8221;off&#8221; da_has_shadow=&#8221;on&#8221;][et_pb_row _builder_version=&#8221;4.27.5&#8243; _module_preset=&#8221;default&#8221; min_height=&#8221;75vh&#8221; custom_css_main_element=&#8221;display:flex;||align-items: center;&#8221; global_colors_info=&#8221;{}&#8221;][et_pb_column type=&#8221;4_4&#8243; _builder_version=&#8221;4.27.5&#8243; _module_preset=&#8221;default&#8221; global_colors_info=&#8221;{}&#8221;][et_pb_text _builder_version=&#8221;4.27.5&#8243; _module_preset=&#8221;default&#8221; background_color=&#8221;rgba(247,244,238,0.74)&#8221; text_orientation=&#8221;center&#8221; max_width=&#8221;600px&#8221; module_alignment=&#8221;center&#8221; custom_padding=&#8221;70px|70px|70px|70px|true|true&#8221; custom_padding_tablet=&#8221;40px|40px|40px|40px|true|true&#8221; custom_padding_phone=&#8221;20px|20px|20px|20px|true|true&#8221; custom_padding_last_edited=&#8221;on|tablet&#8221; custom_css_main_element=&#8221;backdrop-filter: blur(4px);&#8221; border_radii=&#8221;on|5px|5px|5px|5px&#8221; box_shadow_style=&#8221;preset1&#8243; global_colors_info=&#8221;{}&#8221;]<\/p>\n<p>Buc\u0103tarul nostru-\u0219ef aduce peste 30 de ani de experien\u021b\u0103, \u00eembin\u00e2nd creativitatea cu expertiza culinar\u0103. Al\u0103turi de o echip\u0103 dedicat\u0103, ne str\u0103duim s\u0103 transform\u0103m fiecare mas\u0103 \u00eentr-un moment memorabil. <\/p>\n<p>[\/et_pb_text][\/et_pb_column][\/et_pb_row][\/et_pb_section]<\/p>\n","protected":false},"excerpt":{"rendered":"<p>Despre D&amp;L CuisineUn deceniu de momente pline de gust.Totul a \u00eenceput \u00een martie 2016, cu o idee simpl\u0103, dar puternic\u0103: m\u00e2ncarea bun\u0103 aduce oamenii \u00eempreun\u0103. Ceea ce a \u00eenceput ca o singur\u0103 cantin\u0103 a crescut \u00eentr-o familie de servicii complementare \u2014 toate bazate pe acelea\u0219i principii de prospe\u021bime, calitate \u0219i comunitate.Ceea ce a \u00eenceput ca o singur\u0103 cantin\u0103 a crescut \u00eentr-o familie de servicii complementare \u2014 toate bazate pe acelea\u0219i principii de prospe\u021bime, calitate \u0219i comunitate.Valorile noastre\u00cen ultimii zece ani, am r\u0103mas fideli misiunii noastre: s\u0103 transform\u0103m mesele de zi cu zi \u00een experien\u021be speciale, s\u0103 ne servim clien\u021bii cu c\u0103ldur\u0103 \u0219i s\u0103 construim rela\u021bii bazate pe \u00eencredere \u0219i gust.<div class=\"et_pb_module dsm_icon_list dsm_icon_list_0 starz\">\n\t\t\t\t\n\t\t\t\t\n\t\t\t\t\n\t\t\t\t\n\t\t\t\t\n\t\t\t\t\n\t\t\t\t<div class=\"et_pb_module_inner\">\n\t\t\t\t\t<ul class=\"dsm_icon_list_items dsm_icon_list_ltr_direction dsm_icon_list_layout_horizontal\"><li class=\"dsm_icon_list_child dsm_icon_list_child_0\">\n\t\t\t\t\n\t\t\t\t\n\t\t\t\t\n\t\t\t\t\n\t\t\t\t<span class=\"dsm_icon_list_wrapper\"><\/span><span class=\"dsm_icon_list_text\">Pasiune pentru m\u00e2ncare<\/span>\n\t\t\t<\/li><li class=\"dsm_icon_list_child dsm_icon_list_child_1\">\n\t\t\t\t\n\t\t\t\t\n\t\t\t\t\n\t\t\t\t\n\t\t\t\t<span class=\"dsm_icon_list_wrapper\"><span class=\"dsm_icon_list_icon\">\ue033<\/span><\/span><span class=\"dsm_icon_list_text\">Gust \u0219i varietate<\/span>\n\t\t\t<\/li><li class=\"dsm_icon_list_child dsm_icon_list_child_2\">\n\t\t\t\t\n\t\t\t\t\n\t\t\t\t\n\t\t\t\t\n\t\t\t\t<span class=\"dsm_icon_list_wrapper\"><span class=\"dsm_icon_list_icon\">\ue033<\/span><\/span><span class=\"dsm_icon_list_text\">Un mediu primitor<\/span>\n\t\t\t<\/li><li class=\"dsm_icon_list_child dsm_icon_list_child_3\">\n\t\t\t\t\n\t\t\t\t\n\t\t\t\t\n\t\t\t\t\n\t\t\t\t<span class=\"dsm_icon_list_wrapper\"><span class=\"dsm_icon_list_icon\">\ue033<\/span><\/span><span class=\"dsm_icon_list_text\">M\u00e2ncare proasp\u0103t\u0103, zilnic <\/span>\n\t\t\t<\/li><\/ul>\n\t\t\t\t<\/div>\n\t\t\t<\/div><div class=\"et_pb_module dsm_icon_list dsm_icon_list_1 starz-mobile\">\n\t\t\t\t\n\t\t\t\t\n\t\t\t\t\n\t\t\t\t\n\t\t\t\t\n\t\t\t\t\n\t\t\t\t<div class=\"et_pb_module_inner\">\n\t\t\t\t\t<ul class=\"dsm_icon_list_items dsm_icon_list_ltr_direction dsm_icon_list_layout_vertical\"><li class=\"dsm_icon_list_child dsm_icon_list_child_4\">\n\t\t\t\t\n\t\t\t\t\n\t\t\t\t\n\t\t\t\t\n\t\t\t\t<span class=\"dsm_icon_list_wrapper\"><span class=\"dsm_icon_list_icon\">\ue033<\/span><\/span><span class=\"dsm_icon_list_text\">Pasiune pentru m\u00e2ncare proasp\u0103t\u0103, \u00een fiecare zi<\/span>\n\t\t\t<\/li><li class=\"dsm_icon_list_child dsm_icon_list_child_5\">\n\t\t\t\t\n\t\t\t\t\n\t\t\t\t\n\t\t\t\t\n\t\t\t\t<span class=\"dsm_icon_list_wrapper\"><span class=\"dsm_icon_list_icon\">\ue033<\/span><\/span><span class=\"dsm_icon_list_text\">Un mediu primitor<\/span>\n\t\t\t<\/li><li class=\"dsm_icon_list_child dsm_icon_list_child_6\">\n\t\t\t\t\n\t\t\t\t\n\t\t\t\t\n\t\t\t\t\n\t\t\t\t<span class=\"dsm_icon_list_wrapper\"><span class=\"dsm_icon_list_icon\">\ue033<\/span><\/span><span class=\"dsm_icon_list_text\">Gust \u0219i varietate<\/span>\n\t\t\t<\/li><\/ul>\n\t\t\t\t<\/div>\n\t\t\t<\/div>Buc\u0103tarul [&hellip;]<\/p>\n","protected":false},"author":1,"featured_media":311779,"parent":0,"menu_order":6,"comment_status":"closed","ping_status":"closed","template":"","meta":{"_et_pb_use_builder":"on","_et_pb_old_content":"","_et_gb_content_width":"","footnotes":""},"class_list":["post-312579","page","type-page","status-publish","has-post-thumbnail","hentry"],"_links":{"self":[{"href":"https:\/\/www.dlcuisine.com\/ro\/wp-json\/wp\/v2\/pages\/312579","targetHints":{"allow":["GET"]}}],"collection":[{"href":"https:\/\/www.dlcuisine.com\/ro\/wp-json\/wp\/v2\/pages"}],"about":[{"href":"https:\/\/www.dlcuisine.com\/ro\/wp-json\/wp\/v2\/types\/page"}],"author":[{"embeddable":true,"href":"https:\/\/www.dlcuisine.com\/ro\/wp-json\/wp\/v2\/users\/1"}],"replies":[{"embeddable":true,"href":"https:\/\/www.dlcuisine.com\/ro\/wp-json\/wp\/v2\/comments?post=312579"}],"version-history":[{"count":0,"href":"https:\/\/www.dlcuisine.com\/ro\/wp-json\/wp\/v2\/pages\/312579\/revisions"}],"wp:featuredmedia":[{"embeddable":true,"href":"https:\/\/www.dlcuisine.com\/ro\/wp-json\/wp\/v2\/media\/311779"}],"wp:attachment":[{"href":"https:\/\/www.dlcuisine.com\/ro\/wp-json\/wp\/v2\/media?parent=312579"}],"curies":[{"name":"wp","href":"https:\/\/api.w.org\/{rel}","templated":true}]}}